{"id":10,"date":"2013-12-10T18:29:56","date_gmt":"2013-12-10T17:29:56","guid":{"rendered":"http:\/\/www.renzoelucio.it\/wordpress\/?page_id=10"},"modified":"2024-09-26T19:24:52","modified_gmt":"2024-09-26T17:24:52","slug":"chi-siamo","status":"publish","type":"page","link":"https:\/\/www.renzoelucio.it\/?page_id=10","title":{"rendered":"CHI SIAMO"},"content":{"rendered":"<h3 style=\"text-align: justify;\"><img loading=\"lazy\" decoding=\"async\" class=\"alignnone size-medium wp-image-2754\" src=\"https:\/\/www.renzoelucio.it\/public\/wordpress\/renzoelucio\/wp-content\/uploads\/2020\/04\/striscia-rainbow-300x11.png\" alt=\"\" width=\"300\" height=\"11\" srcset=\"https:\/\/www.renzoelucio.it\/public\/wordpress\/renzoelucio\/wp-content\/uploads\/2020\/04\/striscia-rainbow-300x11.png 300w, https:\/\/www.renzoelucio.it\/public\/wordpress\/renzoelucio\/wp-content\/uploads\/2020\/04\/striscia-rainbow-364x15.png 364w, https:\/\/www.renzoelucio.it\/public\/wordpress\/renzoelucio\/wp-content\/uploads\/2020\/04\/striscia-rainbow.png 420w\" sizes=\"auto, (max-width: 300px) 100vw, 300px\" \/><\/h3>\n<p style=\"text-align: justify;\">L&#8217;associazione LGBT+diritti Renzo e Lucio di Lecco \u00e8 un gruppo che vuole essere presente nel territorio lecchese per sostenere i diritti delle persone, quelli a volte ignorati, e per creare un raccordo tra le persone LGBT+ e promuovere una visione della societ\u00e0 plurale, laica e rispettosa delle diverse realt\u00e0.<\/p>\n<p style=\"text-align: justify;\">L&#8217; Associazione \u00e8 aperta tutt* e lavora, sia culturalmente sia politicamente, perch\u00e9 vengano promossi e rispettati i diritti dell* person*, indipendentemente dall&#8217;orientamento sessuale o dall&#8217;identit\u00e0 di genere. Lottiamo contro l&#8217;omofobia, la transfobia, la discriminazione sessuale e di genere, la discriminazione razziale e qualsiasi altro tipo di discriminazione che colpisce ogni essere umano.<\/p>\n<p style=\"text-align: justify;\"><a href=\"http:\/\/www.renzoelucio.it\/public\/wordpress\/renzoelucio\/wp-content\/uploads\/2013\/11\/imm1.png\"><img loading=\"lazy\" decoding=\"async\" class=\"alignnone wp-image-417\" src=\"http:\/\/www.renzoelucio.it\/public\/wordpress\/renzoelucio\/wp-content\/uploads\/2013\/11\/imm1-1024x159.png\" alt=\"imm1\" width=\"1170\" height=\"182\" srcset=\"https:\/\/www.renzoelucio.it\/public\/wordpress\/renzoelucio\/wp-content\/uploads\/2013\/11\/imm1-1024x159.png 1024w, https:\/\/www.renzoelucio.it\/public\/wordpress\/renzoelucio\/wp-content\/uploads\/2013\/11\/imm1-300x46.png 300w, https:\/\/www.renzoelucio.it\/public\/wordpress\/renzoelucio\/wp-content\/uploads\/2013\/11\/imm1-1200x186.png 1200w\" sizes=\"auto, (max-width: 1170px) 100vw, 1170px\" \/><\/a><\/p>\n<h3><img loading=\"lazy\" decoding=\"async\" class=\"alignnone size-medium wp-image-2754\" src=\"https:\/\/www.renzoelucio.it\/public\/wordpress\/renzoelucio\/wp-content\/uploads\/2020\/04\/striscia-rainbow-300x11.png\" alt=\"\" width=\"300\" height=\"11\" srcset=\"https:\/\/www.renzoelucio.it\/public\/wordpress\/renzoelucio\/wp-content\/uploads\/2020\/04\/striscia-rainbow-300x11.png 300w, https:\/\/www.renzoelucio.it\/public\/wordpress\/renzoelucio\/wp-content\/uploads\/2020\/04\/striscia-rainbow-364x15.png 364w, https:\/\/www.renzoelucio.it\/public\/wordpress\/renzoelucio\/wp-content\/uploads\/2020\/04\/striscia-rainbow.png 420w\" sizes=\"auto, (max-width: 300px) 100vw, 300px\" \/><\/h3>\n<h3 style=\"text-align: justify;\">PERCHE&#8217; RENZO E LUCIO?<\/h3>\n<p style=\"text-align: justify;\">Abbiamo deciso di chiamarci cos\u00ec riprendendo i nomi della coppia pi\u00f9 famosa del nostro territorio &#8220;Renzo e Lucia&#8221;, dal celeberrimo romanzo del Manzoni, mettendo per\u00f2 due nomi maschili (ma avremmo potuto anche declinarli al femminile).<\/p>\n<p style=\"text-align: justify;\">Sono passati tanti anni dai &#8220;Promessi Sposi&#8221; ma c&#8217;\u00e8 sempre qualche Don Rodrigo che si oppone all&#8217;amore ed ai sentimenti di altri. Ci sono sempre i Bravi, gli scagnozzi del potere, che ancora dicono che &#8220;questo matrimonio non s&#8217;ha da fare&#8221; o che vogliono imporre ad altri il loro stile di vita.<\/p>\n<p style=\"text-align: justify;\">Inoltre c&#8217;\u00e8 sempre qualche Don Abbondio, che utilizza il potere che qualcuno attribuisce a Dio, non per legare ma per dividere, non per stare dalla parte dei perseguitati ma dalla parte dei persecutori.<\/p>\n<p style=\"text-align: justify;\">Allora lottare per difendere i diritti di Renzo e del suo compagno Lucio \u00e8 un modo per ricordare che nessuno deve giudicare o impedire l&#8217;amore. Nessuno deve negare diritti ad altr* e ciascuno deve cercare di costruire una societ\u00e0 rispettosa delle sue diverse realt\u00e0, e di ogni identit\u00e0.<\/p>\n<p><a href=\"https:\/\/www.renzoelucio.it\/public\/wordpress\/renzoelucio\/wp-content\/uploads\/2020\/03\/BACIO-DONNE-COPERTINA.png\"><img loading=\"lazy\" decoding=\"async\" class=\"alignnone size-full wp-image-2569\" src=\"https:\/\/www.renzoelucio.it\/public\/wordpress\/renzoelucio\/wp-content\/uploads\/2020\/03\/BACIO-DONNE-COPERTINA.png\" alt=\"\" width=\"4856\" height=\"758\" srcset=\"https:\/\/www.renzoelucio.it\/public\/wordpress\/renzoelucio\/wp-content\/uploads\/2020\/03\/BACIO-DONNE-COPERTINA.png 4856w, https:\/\/www.renzoelucio.it\/public\/wordpress\/renzoelucio\/wp-content\/uploads\/2020\/03\/BACIO-DONNE-COPERTINA-300x47.png 300w, https:\/\/www.renzoelucio.it\/public\/wordpress\/renzoelucio\/wp-content\/uploads\/2020\/03\/BACIO-DONNE-COPERTINA-1024x160.png 1024w, https:\/\/www.renzoelucio.it\/public\/wordpress\/renzoelucio\/wp-content\/uploads\/2020\/03\/BACIO-DONNE-COPERTINA-768x120.png 768w, https:\/\/www.renzoelucio.it\/public\/wordpress\/renzoelucio\/wp-content\/uploads\/2020\/03\/BACIO-DONNE-COPERTINA-1536x240.png 1536w, https:\/\/www.renzoelucio.it\/public\/wordpress\/renzoelucio\/wp-content\/uploads\/2020\/03\/BACIO-DONNE-COPERTINA-2048x320.png 2048w\" sizes=\"auto, (max-width: 4856px) 100vw, 4856px\" \/><\/a><\/p>\n<h3 style=\"text-align: left;\"><\/h3>\n<h3 style=\"text-align: left;\"><strong><img loading=\"lazy\" decoding=\"async\" class=\"wp-image-2754 aligncenter\" src=\"https:\/\/www.renzoelucio.it\/public\/wordpress\/renzoelucio\/wp-content\/uploads\/2020\/04\/striscia-rainbow-300x11.png\" alt=\"\" width=\"300\" height=\"11\" srcset=\"https:\/\/www.renzoelucio.it\/public\/wordpress\/renzoelucio\/wp-content\/uploads\/2020\/04\/striscia-rainbow-300x11.png 300w, https:\/\/www.renzoelucio.it\/public\/wordpress\/renzoelucio\/wp-content\/uploads\/2020\/04\/striscia-rainbow-364x15.png 364w, https:\/\/www.renzoelucio.it\/public\/wordpress\/renzoelucio\/wp-content\/uploads\/2020\/04\/striscia-rainbow.png 420w\" sizes=\"auto, (max-width: 300px) 100vw, 300px\" \/><\/strong><\/h3>\n<h3 style=\"text-align: left;\"><strong>LA STORIA\u00a0<\/strong><\/h3>\n<p>L&#8217;associazione nasce nel 2007 ed \u00e8 la prima, ed ora l&#8217;unica associazione LGBT+ che opera sul territorio lecchese. Da subito ha voluta essere un associazione inclusiva, aperta a tutte le persone, e collaborativa con le altre realt\u00e0 di volontariato sul territorio.<\/p>\n<p>Da tempo collaboriamo anche con tante altre associazioni simili alla nostra, sia\u00a0 locali\u00a0 che nazionali. Abbiamo creato o sostenuto molte iniziative e da sempre cerchiamo nuove forme per sviluppare il nostro lavoro.<\/p>\n<p>Dal 2019 abbiamo\u00a0 variato\u00a0 leggermente\u00a0 la nostra denominazione\u00a0 per\u00a0 essere\u00a0 pi\u00f9\u00a0 inclusivi,\u00a0 variando l&#8217;acronimo ( ora LGBT+) ed aggiungendo la parola\u00a0 diritti perch\u00e8 tutti i diritti sono\u00a0 per noi importanti e per ciascuno di essi vogliamo continuare a operare.<\/p>\n<p style=\"text-align: left;\"><img loading=\"lazy\" decoding=\"async\" class=\"alignnone wp-image-422\" src=\"http:\/\/www.renzoelucio.it\/public\/wordpress\/renzoelucio\/wp-content\/uploads\/2013\/11\/imm2-1024x159.png\" alt=\"imm2\" width=\"1170\" height=\"182\" srcset=\"https:\/\/www.renzoelucio.it\/public\/wordpress\/renzoelucio\/wp-content\/uploads\/2013\/11\/imm2-1024x159.png 1024w, https:\/\/www.renzoelucio.it\/public\/wordpress\/renzoelucio\/wp-content\/uploads\/2013\/11\/imm2-300x46.png 300w, https:\/\/www.renzoelucio.it\/public\/wordpress\/renzoelucio\/wp-content\/uploads\/2013\/11\/imm2-1200x186.png 1200w\" sizes=\"auto, (max-width: 1170px) 100vw, 1170px\" \/><\/p>\n<h3><strong><img loading=\"lazy\" decoding=\"async\" class=\"alignnone size-medium wp-image-2754\" src=\"https:\/\/www.renzoelucio.it\/public\/wordpress\/renzoelucio\/wp-content\/uploads\/2020\/04\/striscia-rainbow-300x11.png\" alt=\"\" width=\"300\" height=\"11\" srcset=\"https:\/\/www.renzoelucio.it\/public\/wordpress\/renzoelucio\/wp-content\/uploads\/2020\/04\/striscia-rainbow-300x11.png 300w, https:\/\/www.renzoelucio.it\/public\/wordpress\/renzoelucio\/wp-content\/uploads\/2020\/04\/striscia-rainbow-364x15.png 364w, https:\/\/www.renzoelucio.it\/public\/wordpress\/renzoelucio\/wp-content\/uploads\/2020\/04\/striscia-rainbow.png 420w\" sizes=\"auto, (max-width: 300px) 100vw, 300px\" \/><\/strong><\/h3>\n<h3><strong>I SOCI*<\/strong><\/h3>\n<p>L&#8217;associazione\u00a0 \u00e8\u00a0 composta\u00a0 da\u00a0 soci*, <a href=\"https:\/\/www.renzoelucio.it\/?page_id=785\">che ogni anno sottoscrivono la loro adesione<\/a>, e\u00a0 di\u00a0 tante\u00a0 altre\u00a0 persone che seguono le nostre proposte. Siamo un&#8217;associazione di Promozione Sociale senza alcun scopo di lucro, interamente garantita dal lavoro di volontar* che da anni si impegnano perch\u00e9\u00a0 credono\u00a0 nei\u00a0 valori dell&#8217;associazione espressi nel nostro <a href=\"https:\/\/www.renzoelucio.it\/?page_id=2583\">statuto<\/a>.<\/p>\n<h3><img loading=\"lazy\" decoding=\"async\" class=\"alignnone size-medium wp-image-2754\" src=\"https:\/\/www.renzoelucio.it\/public\/wordpress\/renzoelucio\/wp-content\/uploads\/2020\/04\/striscia-rainbow-300x11.png\" alt=\"\" width=\"300\" height=\"11\" srcset=\"https:\/\/www.renzoelucio.it\/public\/wordpress\/renzoelucio\/wp-content\/uploads\/2020\/04\/striscia-rainbow-300x11.png 300w, https:\/\/www.renzoelucio.it\/public\/wordpress\/renzoelucio\/wp-content\/uploads\/2020\/04\/striscia-rainbow-364x15.png 364w, https:\/\/www.renzoelucio.it\/public\/wordpress\/renzoelucio\/wp-content\/uploads\/2020\/04\/striscia-rainbow.png 420w\" sizes=\"auto, (max-width: 300px) 100vw, 300px\" \/><\/h3>\n<h3><strong>COME SIAMO ORGANIZZATI\u00a0<\/strong><\/h3>\n<p>Per\u00a0 meglio\u00a0 organizzarci\u00a0 abbiamo\u00a0 strutturato\u00a0 la\u00a0 nostra\u00a0 realt\u00e0\u00a0 con dei gruppi di lavoro e dei <a href=\"https:\/\/www.renzoelucio.it\/?page_id=22\">progetti. <\/a>\u00a0.<\/p>\n<p>Come ogni associazione di promozione sociale ci organizziamo con l&#8217;apporto del direttivo, della presidenza e della vice presidenza, uniti ad una persone in qualit\u00e0 di tesoriere. Le persone che hanno incarichi vengono elette da i\/le soci*, in occasione delle assemblee dell&#8217;associazione.<\/p>\n<p>L&#8217;associazione\u00a0 \u00e8\u00a0 iscritta\u00a0 al\u00a0 registro regionale e provinciale delle associazioni di volontariato ed iscritta al Centro Servizi del Volontariato di Lecco, Monza, Sondrio.<\/p>\n<p><img loading=\"lazy\" decoding=\"async\" class=\"alignnone size-medium wp-image-2754\" src=\"https:\/\/www.renzoelucio.it\/public\/wordpress\/renzoelucio\/wp-content\/uploads\/2020\/04\/striscia-rainbow-300x11.png\" alt=\"\" width=\"300\" height=\"11\" srcset=\"https:\/\/www.renzoelucio.it\/public\/wordpress\/renzoelucio\/wp-content\/uploads\/2020\/04\/striscia-rainbow-300x11.png 300w, https:\/\/www.renzoelucio.it\/public\/wordpress\/renzoelucio\/wp-content\/uploads\/2020\/04\/striscia-rainbow-364x15.png 364w, https:\/\/www.renzoelucio.it\/public\/wordpress\/renzoelucio\/wp-content\/uploads\/2020\/04\/striscia-rainbow.png 420w\" sizes=\"auto, (max-width: 300px) 100vw, 300px\" \/><\/p>\n<h3>PRESIDENZA E DIRETTIVO<\/h3>\n<p><strong>presidente:<\/strong> ALESSIA MAGGI<br \/>\n<strong>vice presidente:<\/strong> GALBUSERA PAOLA<\/p>\n<p><strong>direttivo:<\/strong><br \/>\nBertolazzi Moreno<br \/>\nBrusadelli Igor<br \/>\nColombo Veronica<br \/>\nGalbusera Paola<br \/>\nPerucchini Valentina<br \/>\nPirovano Mauro<br \/>\nRedaelli Silvio<\/p>\n<p><strong>tesoriere<\/strong>: Redaelli Silvio<\/p>\n<p><strong>segretario:<\/strong> Bertolazzi Moreno<\/p>\n<p>&nbsp;<\/p>\n","protected":false},"excerpt":{"rendered":"<p>L&#8217;associazione LGBT+diritti Renzo e Lucio di Lecco \u00e8 un gruppo che vuole essere presente nel territorio lecchese per sostenere i diritti delle persone, quelli a volte ignorati, e per creare un raccordo tra le persone LGBT+ e promuovere una visione della societ\u00e0 plurale, laica e rispettosa delle diverse realt\u00e0. L&#8217; Associazione \u00e8 aperta tutt* e&#8230;<\/p>\n","protected":false},"author":3,"featured_media":0,"parent":0,"menu_order":0,"comment_status":"closed","ping_status":"closed","template":"","meta":{"footnotes":""},"class_list":["post-10","page","type-page","status-publish","hentry"],"yoast_head":"<!-- This site is optimized with the Yoast SEO plugin v24.5 - https:\/\/yoast.com\/wordpress\/plugins\/seo\/ -->\r\n<title>CHI SIAMO - LGBT+diritti RENZO E LUCIO<\/title>\r\n<meta name=\"description\" content=\"come \u00e8 organizzata e cosa fa sul territorio di Lecco per le persone LGBT\" \/>\r\n<meta name=\"robots\" content=\"index, follow, max-snippet:-1, max-image-preview:large, max-video-preview:-1\" \/>\r\n<link rel=\"canonical\" href=\"https:\/\/www.renzoelucio.it\/?page_id=10\" \/>\r\n<meta property=\"og:locale\" content=\"it_IT\" \/>\r\n<meta property=\"og:type\" content=\"article\" \/>\r\n<meta property=\"og:title\" content=\"CHI SIAMO - LGBT+diritti RENZO E LUCIO\" \/>\r\n<meta property=\"og:description\" content=\"come \u00e8 organizzata e cosa fa sul territorio di Lecco per le persone LGBT\" \/>\r\n<meta property=\"og:url\" content=\"https:\/\/www.renzoelucio.it\/?page_id=10\" \/>\r\n<meta property=\"og:site_name\" content=\"LGBT+diritti RENZO E LUCIO\" \/>\r\n<meta property=\"article:modified_time\" content=\"2024-09-26T17:24:52+00:00\" \/>\r\n<meta property=\"og:image\" content=\"https:\/\/www.renzoelucio.it\/public\/wordpress\/renzoelucio\/wp-content\/uploads\/2020\/04\/striscia-rainbow-300x11.png\" \/>\r\n<meta name=\"twitter:card\" content=\"summary_large_image\" \/>\r\n<meta name=\"twitter:label1\" content=\"Tempo di lettura stimato\" \/>\n\t<meta name=\"twitter:data1\" content=\"5 minuti\" \/>\r\n<script type=\"application\/ld+json\" class=\"yoast-schema-graph\">{\"@context\":\"https:\/\/schema.org\",\"@graph\":[{\"@type\":\"WebPage\",\"@id\":\"https:\/\/www.renzoelucio.it\/?page_id=10\",\"url\":\"https:\/\/www.renzoelucio.it\/?page_id=10\",\"name\":\"CHI SIAMO - LGBT+diritti RENZO E LUCIO\",\"isPartOf\":{\"@id\":\"https:\/\/www.renzoelucio.it\/#website\"},\"primaryImageOfPage\":{\"@id\":\"https:\/\/www.renzoelucio.it\/?page_id=10#primaryimage\"},\"image\":{\"@id\":\"https:\/\/www.renzoelucio.it\/?page_id=10#primaryimage\"},\"thumbnailUrl\":\"https:\/\/www.renzoelucio.it\/public\/wordpress\/renzoelucio\/wp-content\/uploads\/2020\/04\/striscia-rainbow-300x11.png\",\"datePublished\":\"2013-12-10T17:29:56+00:00\",\"dateModified\":\"2024-09-26T17:24:52+00:00\",\"description\":\"come \u00e8 organizzata e cosa fa sul territorio di Lecco per le persone LGBT\",\"breadcrumb\":{\"@id\":\"https:\/\/www.renzoelucio.it\/?page_id=10#breadcrumb\"},\"inLanguage\":\"it-IT\",\"potentialAction\":[{\"@type\":\"ReadAction\",\"target\":[\"https:\/\/www.renzoelucio.it\/?page_id=10\"]}]},{\"@type\":\"ImageObject\",\"inLanguage\":\"it-IT\",\"@id\":\"https:\/\/www.renzoelucio.it\/?page_id=10#primaryimage\",\"url\":\"https:\/\/www.renzoelucio.it\/public\/wordpress\/renzoelucio\/wp-content\/uploads\/2020\/04\/striscia-rainbow.png\",\"contentUrl\":\"https:\/\/www.renzoelucio.it\/public\/wordpress\/renzoelucio\/wp-content\/uploads\/2020\/04\/striscia-rainbow.png\",\"width\":420,\"height\":15},{\"@type\":\"BreadcrumbList\",\"@id\":\"https:\/\/www.renzoelucio.it\/?page_id=10#breadcrumb\",\"itemListElement\":[{\"@type\":\"ListItem\",\"position\":1,\"name\":\"Home\",\"item\":\"https:\/\/www.renzoelucio.it\/\"},{\"@type\":\"ListItem\",\"position\":2,\"name\":\"CHI SIAMO\"}]},{\"@type\":\"WebSite\",\"@id\":\"https:\/\/www.renzoelucio.it\/#website\",\"url\":\"https:\/\/www.renzoelucio.it\/\",\"name\":\"LGBT+diritti RENZO E LUCIO\",\"description\":\"\",\"potentialAction\":[{\"@type\":\"SearchAction\",\"target\":{\"@type\":\"EntryPoint\",\"urlTemplate\":\"https:\/\/www.renzoelucio.it\/?s={search_term_string}\"},\"query-input\":{\"@type\":\"PropertyValueSpecification\",\"valueRequired\":true,\"valueName\":\"search_term_string\"}}],\"inLanguage\":\"it-IT\"}]}<\/script>\r\n<!-- \/ Yoast SEO plugin. -->","yoast_head_json":{"title":"CHI SIAMO - LGBT+diritti RENZO E LUCIO","description":"come \u00e8 organizzata e cosa fa sul territorio di Lecco per le persone LGBT","robots":{"index":"index","follow":"follow","max-snippet":"max-snippet:-1","max-image-preview":"max-image-preview:large","max-video-preview":"max-video-preview:-1"},"canonical":"https:\/\/www.renzoelucio.it\/?page_id=10","og_locale":"it_IT","og_type":"article","og_title":"CHI SIAMO - LGBT+diritti RENZO E LUCIO","og_description":"come \u00e8 organizzata e cosa fa sul territorio di Lecco per le persone LGBT","og_url":"https:\/\/www.renzoelucio.it\/?page_id=10","og_site_name":"LGBT+diritti RENZO E LUCIO","article_modified_time":"2024-09-26T17:24:52+00:00","og_image":[{"url":"https:\/\/www.renzoelucio.it\/public\/wordpress\/renzoelucio\/wp-content\/uploads\/2020\/04\/striscia-rainbow-300x11.png","type":"","width":"","height":""}],"twitter_card":"summary_large_image","twitter_misc":{"Tempo di lettura stimato":"5 minuti"},"schema":{"@context":"https:\/\/schema.org","@graph":[{"@type":"WebPage","@id":"https:\/\/www.renzoelucio.it\/?page_id=10","url":"https:\/\/www.renzoelucio.it\/?page_id=10","name":"CHI SIAMO - LGBT+diritti RENZO E LUCIO","isPartOf":{"@id":"https:\/\/www.renzoelucio.it\/#website"},"primaryImageOfPage":{"@id":"https:\/\/www.renzoelucio.it\/?page_id=10#primaryimage"},"image":{"@id":"https:\/\/www.renzoelucio.it\/?page_id=10#primaryimage"},"thumbnailUrl":"https:\/\/www.renzoelucio.it\/public\/wordpress\/renzoelucio\/wp-content\/uploads\/2020\/04\/striscia-rainbow-300x11.png","datePublished":"2013-12-10T17:29:56+00:00","dateModified":"2024-09-26T17:24:52+00:00","description":"come \u00e8 organizzata e cosa fa sul territorio di Lecco per le persone LGBT","breadcrumb":{"@id":"https:\/\/www.renzoelucio.it\/?page_id=10#breadcrumb"},"inLanguage":"it-IT","potentialAction":[{"@type":"ReadAction","target":["https:\/\/www.renzoelucio.it\/?page_id=10"]}]},{"@type":"ImageObject","inLanguage":"it-IT","@id":"https:\/\/www.renzoelucio.it\/?page_id=10#primaryimage","url":"https:\/\/www.renzoelucio.it\/public\/wordpress\/renzoelucio\/wp-content\/uploads\/2020\/04\/striscia-rainbow.png","contentUrl":"https:\/\/www.renzoelucio.it\/public\/wordpress\/renzoelucio\/wp-content\/uploads\/2020\/04\/striscia-rainbow.png","width":420,"height":15},{"@type":"BreadcrumbList","@id":"https:\/\/www.renzoelucio.it\/?page_id=10#breadcrumb","itemListElement":[{"@type":"ListItem","position":1,"name":"Home","item":"https:\/\/www.renzoelucio.it\/"},{"@type":"ListItem","position":2,"name":"CHI SIAMO"}]},{"@type":"WebSite","@id":"https:\/\/www.renzoelucio.it\/#website","url":"https:\/\/www.renzoelucio.it\/","name":"LGBT+diritti RENZO E LUCIO","description":"","potentialAction":[{"@type":"SearchAction","target":{"@type":"EntryPoint","urlTemplate":"https:\/\/www.renzoelucio.it\/?s={search_term_string}"},"query-input":{"@type":"PropertyValueSpecification","valueRequired":true,"valueName":"search_term_string"}}],"inLanguage":"it-IT"}]}},"_links":{"self":[{"href":"https:\/\/www.renzoelucio.it\/index.php?rest_route=\/wp\/v2\/pages\/10","targetHints":{"allow":["GET"]}}],"collection":[{"href":"https:\/\/www.renzoelucio.it\/index.php?rest_route=\/wp\/v2\/pages"}],"about":[{"href":"https:\/\/www.renzoelucio.it\/index.php?rest_route=\/wp\/v2\/types\/page"}],"author":[{"embeddable":true,"href":"https:\/\/www.renzoelucio.it\/index.php?rest_route=\/wp\/v2\/users\/3"}],"replies":[{"embeddable":true,"href":"https:\/\/www.renzoelucio.it\/index.php?rest_route=%2Fwp%2Fv2%2Fcomments&post=10"}],"version-history":[{"count":57,"href":"https:\/\/www.renzoelucio.it\/index.php?rest_route=\/wp\/v2\/pages\/10\/revisions"}],"predecessor-version":[{"id":3874,"href":"https:\/\/www.renzoelucio.it\/index.php?rest_route=\/wp\/v2\/pages\/10\/revisions\/3874"}],"wp:attachment":[{"href":"https:\/\/www.renzoelucio.it\/index.php?rest_route=%2Fwp%2Fv2%2Fmedia&parent=10"}],"curies":[{"name":"wp","href":"https:\/\/api.w.org\/{rel}","templated":true}]}}