{"id":2634,"date":"2020-03-28T17:06:00","date_gmt":"2020-03-28T16:06:00","guid":{"rendered":"https:\/\/www.renzoelucio.it\/?page_id=2634"},"modified":"2021-01-24T20:01:43","modified_gmt":"2021-01-24T19:01:43","slug":"gruppo-scuola","status":"publish","type":"page","link":"https:\/\/www.renzoelucio.it\/?page_id=2634","title":{"rendered":"GRUPPO SCUOLA"},"content":{"rendered":"<p>&nbsp;<\/p>\n<p><img loading=\"lazy\" decoding=\"async\" class=\"size-full wp-image-2609\" src=\"https:\/\/www.renzoelucio.it\/public\/wordpress\/renzoelucio\/wp-content\/uploads\/2020\/03\/PROGETTO-SCUOLA.png\" alt=\"PROGETTO SCUOLA RENZO E LUCIO\" width=\"884\" height=\"71\" srcset=\"https:\/\/www.renzoelucio.it\/public\/wordpress\/renzoelucio\/wp-content\/uploads\/2020\/03\/PROGETTO-SCUOLA.png 884w, https:\/\/www.renzoelucio.it\/public\/wordpress\/renzoelucio\/wp-content\/uploads\/2020\/03\/PROGETTO-SCUOLA-300x24.png 300w, https:\/\/www.renzoelucio.it\/public\/wordpress\/renzoelucio\/wp-content\/uploads\/2020\/03\/PROGETTO-SCUOLA-768x62.png 768w\" sizes=\"auto, (max-width: 884px) 100vw, 884px\" \/><\/p>\n<p><img loading=\"lazy\" decoding=\"async\" class=\"wp-image-2576 alignleft\" src=\"https:\/\/www.renzoelucio.it\/public\/wordpress\/renzoelucio\/wp-content\/uploads\/2020\/03\/acrtello.jpg\" alt=\"\" width=\"482\" height=\"482\" srcset=\"https:\/\/www.renzoelucio.it\/public\/wordpress\/renzoelucio\/wp-content\/uploads\/2020\/03\/acrtello.jpg 960w, https:\/\/www.renzoelucio.it\/public\/wordpress\/renzoelucio\/wp-content\/uploads\/2020\/03\/acrtello-300x300.jpg 300w, https:\/\/www.renzoelucio.it\/public\/wordpress\/renzoelucio\/wp-content\/uploads\/2020\/03\/acrtello-150x150.jpg 150w, https:\/\/www.renzoelucio.it\/public\/wordpress\/renzoelucio\/wp-content\/uploads\/2020\/03\/acrtello-768x768.jpg 768w\" sizes=\"auto, (max-width: 482px) 100vw, 482px\" \/><\/p>\n<p>Da anni l\u2019associazione ha al suo interno un gruppo scuola che si occupa di creare spazi di confronto e momenti di riflessione nelle scuole lecchesi. Il gruppo \u00e8 prevalentemente composto da <a href=\"https:\/\/www.renzoelucio.it\/?page_id=2627\">giovani<\/a> che portano e raccontano la loro esperienza a riguardo dell\u2019orientamento sessuale e dell\u2019identit\u00e0 di genere. Raccontano il loro coming out, nella propria famiglia, nella scuola, con gli amici.<\/p>\n<p>Certamente oggi sembrerebbe tutto pi\u00f9 facile, perch\u00e9 alcune cose sono cambiate, ma non sempre \u00e8 tutto semplice e non sempre , scuola, famiglia amici sono sufficientemente pronti quando si parla di omosessualit\u00e0, identit\u00e0 di genere, orientamento sessuale.<\/p>\n<p>Il gruppo si propone alle scuole attraverso dei contatti con docenti oppure ai vari gruppi organizzati all\u2019interno dei singoli istituti.<\/p>\n<p><span style=\"color: #0000ff;\">contattaci : info@renzoelucio.it<\/span><\/p>\n","protected":false},"excerpt":{"rendered":"<p>&nbsp; Da anni l\u2019associazione ha al suo interno un gruppo scuola che si occupa di creare spazi di confronto e momenti di riflessione nelle scuole lecchesi. Il gruppo \u00e8 prevalentemente composto da giovani che portano e raccontano la loro esperienza a riguardo dell\u2019orientamento sessuale e dell\u2019identit\u00e0 di genere. Raccontano il loro coming out, nella propria&#8230;<\/p>\n","protected":false},"author":4,"featured_media":0,"parent":0,"menu_order":0,"comment_status":"closed","ping_status":"closed","template":"","meta":{"footnotes":""},"class_list":["post-2634","page","type-page","status-publish","hentry"],"yoast_head":"<!-- This site is optimized with the Yoast SEO plugin v24.5 - https:\/\/yoast.com\/wordpress\/plugins\/seo\/ -->\r\n<title>GRUPPO SCUOLA - LGBT+diritti RENZO E LUCIO<\/title>\r\n<meta name=\"robots\" content=\"index, follow, max-snippet:-1, max-image-preview:large, max-video-preview:-1\" \/>\r\n<link rel=\"canonical\" href=\"https:\/\/www.renzoelucio.it\/?page_id=2634\" \/>\r\n<meta property=\"og:locale\" content=\"it_IT\" \/>\r\n<meta property=\"og:type\" content=\"article\" \/>\r\n<meta property=\"og:title\" content=\"GRUPPO SCUOLA - LGBT+diritti RENZO E LUCIO\" \/>\r\n<meta property=\"og:description\" content=\"&nbsp; Da anni l\u2019associazione ha al suo interno un gruppo scuola che si occupa di creare spazi di confronto e momenti di riflessione nelle scuole lecchesi. Il gruppo \u00e8 prevalentemente composto da giovani che portano e raccontano la loro esperienza a riguardo dell\u2019orientamento sessuale e dell\u2019identit\u00e0 di genere. Raccontano il loro coming out, nella propria...\" \/>\r\n<meta property=\"og:url\" content=\"https:\/\/www.renzoelucio.it\/?page_id=2634\" \/>\r\n<meta property=\"og:site_name\" content=\"LGBT+diritti RENZO E LUCIO\" \/>\r\n<meta property=\"article:modified_time\" content=\"2021-01-24T19:01:43+00:00\" \/>\r\n<meta property=\"og:image\" content=\"https:\/\/www.renzoelucio.it\/public\/wordpress\/renzoelucio\/wp-content\/uploads\/2020\/03\/PROGETTO-SCUOLA.png\" \/>\r\n<meta name=\"twitter:card\" content=\"summary_large_image\" \/>\r\n<meta name=\"twitter:label1\" content=\"Tempo di lettura stimato\" \/>\n\t<meta name=\"twitter:data1\" content=\"1 minuto\" \/>\r\n<script type=\"application\/ld+json\" class=\"yoast-schema-graph\">{\"@context\":\"https:\/\/schema.org\",\"@graph\":[{\"@type\":\"WebPage\",\"@id\":\"https:\/\/www.renzoelucio.it\/?page_id=2634\",\"url\":\"https:\/\/www.renzoelucio.it\/?page_id=2634\",\"name\":\"GRUPPO SCUOLA - LGBT+diritti RENZO E LUCIO\",\"isPartOf\":{\"@id\":\"https:\/\/www.renzoelucio.it\/#website\"},\"primaryImageOfPage\":{\"@id\":\"https:\/\/www.renzoelucio.it\/?page_id=2634#primaryimage\"},\"image\":{\"@id\":\"https:\/\/www.renzoelucio.it\/?page_id=2634#primaryimage\"},\"thumbnailUrl\":\"https:\/\/www.renzoelucio.it\/public\/wordpress\/renzoelucio\/wp-content\/uploads\/2020\/03\/PROGETTO-SCUOLA.png\",\"datePublished\":\"2020-03-28T16:06:00+00:00\",\"dateModified\":\"2021-01-24T19:01:43+00:00\",\"breadcrumb\":{\"@id\":\"https:\/\/www.renzoelucio.it\/?page_id=2634#breadcrumb\"},\"inLanguage\":\"it-IT\",\"potentialAction\":[{\"@type\":\"ReadAction\",\"target\":[\"https:\/\/www.renzoelucio.it\/?page_id=2634\"]}]},{\"@type\":\"ImageObject\",\"inLanguage\":\"it-IT\",\"@id\":\"https:\/\/www.renzoelucio.it\/?page_id=2634#primaryimage\",\"url\":\"https:\/\/www.renzoelucio.it\/public\/wordpress\/renzoelucio\/wp-content\/uploads\/2020\/03\/PROGETTO-SCUOLA.png\",\"contentUrl\":\"https:\/\/www.renzoelucio.it\/public\/wordpress\/renzoelucio\/wp-content\/uploads\/2020\/03\/PROGETTO-SCUOLA.png\",\"width\":884,\"height\":71,\"caption\":\"GRUPPO SCUOLA RENZO E LUCIO\"},{\"@type\":\"BreadcrumbList\",\"@id\":\"https:\/\/www.renzoelucio.it\/?page_id=2634#breadcrumb\",\"itemListElement\":[{\"@type\":\"ListItem\",\"position\":1,\"name\":\"Home\",\"item\":\"https:\/\/www.renzoelucio.it\/\"},{\"@type\":\"ListItem\",\"position\":2,\"name\":\"GRUPPO SCUOLA\"}]},{\"@type\":\"WebSite\",\"@id\":\"https:\/\/www.renzoelucio.it\/#website\",\"url\":\"https:\/\/www.renzoelucio.it\/\",\"name\":\"LGBT+diritti RENZO E LUCIO\",\"description\":\"\",\"potentialAction\":[{\"@type\":\"SearchAction\",\"target\":{\"@type\":\"EntryPoint\",\"urlTemplate\":\"https:\/\/www.renzoelucio.it\/?s={search_term_string}\"},\"query-input\":{\"@type\":\"PropertyValueSpecification\",\"valueRequired\":true,\"valueName\":\"search_term_string\"}}],\"inLanguage\":\"it-IT\"}]}<\/script>\r\n<!-- \/ Yoast SEO plugin. -->","yoast_head_json":{"title":"GRUPPO SCUOLA - LGBT+diritti RENZO E LUCIO","robots":{"index":"index","follow":"follow","max-snippet":"max-snippet:-1","max-image-preview":"max-image-preview:large","max-video-preview":"max-video-preview:-1"},"canonical":"https:\/\/www.renzoelucio.it\/?page_id=2634","og_locale":"it_IT","og_type":"article","og_title":"GRUPPO SCUOLA - LGBT+diritti RENZO E LUCIO","og_description":"&nbsp; Da anni l\u2019associazione ha al suo interno un gruppo scuola che si occupa di creare spazi di confronto e momenti di riflessione nelle scuole lecchesi. Il gruppo \u00e8 prevalentemente composto da giovani che portano e raccontano la loro esperienza a riguardo dell\u2019orientamento sessuale e dell\u2019identit\u00e0 di genere. Raccontano il loro coming out, nella propria...","og_url":"https:\/\/www.renzoelucio.it\/?page_id=2634","og_site_name":"LGBT+diritti RENZO E LUCIO","article_modified_time":"2021-01-24T19:01:43+00:00","og_image":[{"url":"https:\/\/www.renzoelucio.it\/public\/wordpress\/renzoelucio\/wp-content\/uploads\/2020\/03\/PROGETTO-SCUOLA.png","type":"","width":"","height":""}],"twitter_card":"summary_large_image","twitter_misc":{"Tempo di lettura stimato":"1 minuto"},"schema":{"@context":"https:\/\/schema.org","@graph":[{"@type":"WebPage","@id":"https:\/\/www.renzoelucio.it\/?page_id=2634","url":"https:\/\/www.renzoelucio.it\/?page_id=2634","name":"GRUPPO SCUOLA - LGBT+diritti RENZO E LUCIO","isPartOf":{"@id":"https:\/\/www.renzoelucio.it\/#website"},"primaryImageOfPage":{"@id":"https:\/\/www.renzoelucio.it\/?page_id=2634#primaryimage"},"image":{"@id":"https:\/\/www.renzoelucio.it\/?page_id=2634#primaryimage"},"thumbnailUrl":"https:\/\/www.renzoelucio.it\/public\/wordpress\/renzoelucio\/wp-content\/uploads\/2020\/03\/PROGETTO-SCUOLA.png","datePublished":"2020-03-28T16:06:00+00:00","dateModified":"2021-01-24T19:01:43+00:00","breadcrumb":{"@id":"https:\/\/www.renzoelucio.it\/?page_id=2634#breadcrumb"},"inLanguage":"it-IT","potentialAction":[{"@type":"ReadAction","target":["https:\/\/www.renzoelucio.it\/?page_id=2634"]}]},{"@type":"ImageObject","inLanguage":"it-IT","@id":"https:\/\/www.renzoelucio.it\/?page_id=2634#primaryimage","url":"https:\/\/www.renzoelucio.it\/public\/wordpress\/renzoelucio\/wp-content\/uploads\/2020\/03\/PROGETTO-SCUOLA.png","contentUrl":"https:\/\/www.renzoelucio.it\/public\/wordpress\/renzoelucio\/wp-content\/uploads\/2020\/03\/PROGETTO-SCUOLA.png","width":884,"height":71,"caption":"GRUPPO SCUOLA RENZO E LUCIO"},{"@type":"BreadcrumbList","@id":"https:\/\/www.renzoelucio.it\/?page_id=2634#breadcrumb","itemListElement":[{"@type":"ListItem","position":1,"name":"Home","item":"https:\/\/www.renzoelucio.it\/"},{"@type":"ListItem","position":2,"name":"GRUPPO SCUOLA"}]},{"@type":"WebSite","@id":"https:\/\/www.renzoelucio.it\/#website","url":"https:\/\/www.renzoelucio.it\/","name":"LGBT+diritti RENZO E LUCIO","description":"","potentialAction":[{"@type":"SearchAction","target":{"@type":"EntryPoint","urlTemplate":"https:\/\/www.renzoelucio.it\/?s={search_term_string}"},"query-input":{"@type":"PropertyValueSpecification","valueRequired":true,"valueName":"search_term_string"}}],"inLanguage":"it-IT"}]}},"_links":{"self":[{"href":"https:\/\/www.renzoelucio.it\/index.php?rest_route=\/wp\/v2\/pages\/2634","targetHints":{"allow":["GET"]}}],"collection":[{"href":"https:\/\/www.renzoelucio.it\/index.php?rest_route=\/wp\/v2\/pages"}],"about":[{"href":"https:\/\/www.renzoelucio.it\/index.php?rest_route=\/wp\/v2\/types\/page"}],"author":[{"embeddable":true,"href":"https:\/\/www.renzoelucio.it\/index.php?rest_route=\/wp\/v2\/users\/4"}],"replies":[{"embeddable":true,"href":"https:\/\/www.renzoelucio.it\/index.php?rest_route=%2Fwp%2Fv2%2Fcomments&post=2634"}],"version-history":[{"count":4,"href":"https:\/\/www.renzoelucio.it\/index.php?rest_route=\/wp\/v2\/pages\/2634\/revisions"}],"predecessor-version":[{"id":3240,"href":"https:\/\/www.renzoelucio.it\/index.php?rest_route=\/wp\/v2\/pages\/2634\/revisions\/3240"}],"wp:attachment":[{"href":"https:\/\/www.renzoelucio.it\/index.php?rest_route=%2Fwp%2Fv2%2Fmedia&parent=2634"}],"curies":[{"name":"wp","href":"https:\/\/api.w.org\/{rel}","templated":true}]}}