{"id":2640,"date":"2020-03-28T17:18:06","date_gmt":"2020-03-28T16:18:06","guid":{"rendered":"https:\/\/www.renzoelucio.it\/?page_id=2640"},"modified":"2025-12-04T22:29:33","modified_gmt":"2025-12-04T21:29:33","slug":"gruppo-ascolto","status":"publish","type":"page","link":"https:\/\/www.renzoelucio.it\/?page_id=2640","title":{"rendered":"GRUPPO ASCOLTO"},"content":{"rendered":"<p><img loading=\"lazy\" decoding=\"async\" class=\"size-full wp-image-2611\" src=\"https:\/\/www.renzoelucio.it\/public\/wordpress\/renzoelucio\/wp-content\/uploads\/2020\/03\/PROGETTO-ASCOLTO.png\" alt=\"PROGETTO ASCOLTO RENZO E LUCIO\" width=\"884\" height=\"71\" srcset=\"https:\/\/www.renzoelucio.it\/public\/wordpress\/renzoelucio\/wp-content\/uploads\/2020\/03\/PROGETTO-ASCOLTO.png 884w, https:\/\/www.renzoelucio.it\/public\/wordpress\/renzoelucio\/wp-content\/uploads\/2020\/03\/PROGETTO-ASCOLTO-300x24.png 300w, https:\/\/www.renzoelucio.it\/public\/wordpress\/renzoelucio\/wp-content\/uploads\/2020\/03\/PROGETTO-ASCOLTO-768x62.png 768w\" sizes=\"auto, (max-width: 884px) 100vw, 884px\" \/><\/p>\n<p><img loading=\"lazy\" decoding=\"async\" class=\"wp-image-2613 alignleft\" src=\"https:\/\/www.renzoelucio.it\/public\/wordpress\/renzoelucio\/wp-content\/uploads\/2020\/03\/skateboard.jpg\" alt=\"PROGETTO ASCOLTO RENZO E LUCIO\" width=\"457\" height=\"169\" srcset=\"https:\/\/www.renzoelucio.it\/public\/wordpress\/renzoelucio\/wp-content\/uploads\/2020\/03\/skateboard.jpg 960w, https:\/\/www.renzoelucio.it\/public\/wordpress\/renzoelucio\/wp-content\/uploads\/2020\/03\/skateboard-300x111.jpg 300w, https:\/\/www.renzoelucio.it\/public\/wordpress\/renzoelucio\/wp-content\/uploads\/2020\/03\/skateboard-768x284.jpg 768w\" sizes=\"auto, (max-width: 457px) 100vw, 457px\" \/><\/p>\n<p>Il progetto ascolto \u00e8 uno spazio dove l\u2019associazione Renzo e Lucio \u00e8 disponibile per coloro che hanno bisogno di uno spazio di confronto ed ascolto. Per un primo contatto scrivi a <span style=\"color: #0000ff;\">info@renzoelucio.it<\/span> o chiama il numero 350.1020848<\/p>\n<p><a href=\"https:\/\/www.facebook.com\/sportelloascoltolgbt\/?view_public_for=992061350842417\">LO SPORTELLO DI ASCOLTO SKATEBOARD<\/a> in collaborazione con Arci Lecco Sondrio<\/p>\n<p>A volte pu\u00f2 capitare di avere la possibilit\u00e0 di confrontarsi con qualcuno disposto ad ascoltarci. Altre volte questo non pare facile, anzi difficile, perch\u00e9 le cose che abbiamo da dire risultano poco chiare anche a noi stessi, oppure ci spaventano. Raccontare quello che sta dentro di noi, i nostri desideri, i nostri affetti allarga la comprensione di ci\u00f2 che viviamo e riesce a minimizzare la nostra preoccupazione. Per questo esiste lo sportello Skateboard.<\/p>\n<p>Una psicologa \u00e8 a disposizione per un primo colloquio orientativo.<\/p>\n<p>Lo sportello \u00e8 per giovani gay lesbiche bisessuali e transessuali, per i loro famigliari o amici.<\/p>\n","protected":false},"excerpt":{"rendered":"<p>Il progetto ascolto \u00e8 uno spazio dove l\u2019associazione Renzo e Lucio \u00e8 disponibile per coloro che hanno bisogno di uno spazio di confronto ed ascolto. Per un primo contatto scrivi a info@renzoelucio.it o chiama il numero 350.1020848 LO SPORTELLO DI ASCOLTO SKATEBOARD in collaborazione con Arci Lecco Sondrio A volte pu\u00f2 capitare di avere la&#8230;<\/p>\n","protected":false},"author":4,"featured_media":0,"parent":0,"menu_order":0,"comment_status":"closed","ping_status":"closed","template":"","meta":{"footnotes":""},"class_list":["post-2640","page","type-page","status-publish","hentry"],"yoast_head":"<!-- This site is optimized with the Yoast SEO plugin v24.5 - https:\/\/yoast.com\/wordpress\/plugins\/seo\/ -->\r\n<title>GRUPPO ASCOLTO - LGBT+diritti RENZO E LUCIO<\/title>\r\n<meta name=\"robots\" content=\"index, follow, max-snippet:-1, max-image-preview:large, max-video-preview:-1\" \/>\r\n<link rel=\"canonical\" href=\"https:\/\/www.renzoelucio.it\/?page_id=2640\" \/>\r\n<meta property=\"og:locale\" content=\"it_IT\" \/>\r\n<meta property=\"og:type\" content=\"article\" \/>\r\n<meta property=\"og:title\" content=\"GRUPPO ASCOLTO - LGBT+diritti RENZO E LUCIO\" \/>\r\n<meta property=\"og:description\" content=\"Il progetto ascolto \u00e8 uno spazio dove l\u2019associazione Renzo e Lucio \u00e8 disponibile per coloro che hanno bisogno di uno spazio di confronto ed ascolto. Per un primo contatto scrivi a info@renzoelucio.it o chiama il numero 350.1020848 LO SPORTELLO DI ASCOLTO SKATEBOARD in collaborazione con Arci Lecco Sondrio A volte pu\u00f2 capitare di avere la...\" \/>\r\n<meta property=\"og:url\" content=\"https:\/\/www.renzoelucio.it\/?page_id=2640\" \/>\r\n<meta property=\"og:site_name\" content=\"LGBT+diritti RENZO E LUCIO\" \/>\r\n<meta property=\"article:modified_time\" content=\"2025-12-04T21:29:33+00:00\" \/>\r\n<meta property=\"og:image\" content=\"https:\/\/www.renzoelucio.it\/public\/wordpress\/renzoelucio\/wp-content\/uploads\/2020\/03\/PROGETTO-ASCOLTO.png\" \/>\r\n\t<meta property=\"og:image:width\" content=\"884\" \/>\r\n\t<meta property=\"og:image:height\" content=\"71\" \/>\r\n\t<meta property=\"og:image:type\" content=\"image\/png\" \/>\r\n<meta name=\"twitter:card\" content=\"summary_large_image\" \/>\r\n<meta name=\"twitter:label1\" content=\"Tempo di lettura stimato\" \/>\n\t<meta name=\"twitter:data1\" content=\"2 minuti\" \/>\r\n<script type=\"application\/ld+json\" class=\"yoast-schema-graph\">{\"@context\":\"https:\/\/schema.org\",\"@graph\":[{\"@type\":\"WebPage\",\"@id\":\"https:\/\/www.renzoelucio.it\/?page_id=2640\",\"url\":\"https:\/\/www.renzoelucio.it\/?page_id=2640\",\"name\":\"GRUPPO ASCOLTO - LGBT+diritti RENZO E LUCIO\",\"isPartOf\":{\"@id\":\"https:\/\/www.renzoelucio.it\/#website\"},\"primaryImageOfPage\":{\"@id\":\"https:\/\/www.renzoelucio.it\/?page_id=2640#primaryimage\"},\"image\":{\"@id\":\"https:\/\/www.renzoelucio.it\/?page_id=2640#primaryimage\"},\"thumbnailUrl\":\"https:\/\/www.renzoelucio.it\/public\/wordpress\/renzoelucio\/wp-content\/uploads\/2020\/03\/PROGETTO-ASCOLTO.png\",\"datePublished\":\"2020-03-28T16:18:06+00:00\",\"dateModified\":\"2025-12-04T21:29:33+00:00\",\"breadcrumb\":{\"@id\":\"https:\/\/www.renzoelucio.it\/?page_id=2640#breadcrumb\"},\"inLanguage\":\"it-IT\",\"potentialAction\":[{\"@type\":\"ReadAction\",\"target\":[\"https:\/\/www.renzoelucio.it\/?page_id=2640\"]}]},{\"@type\":\"ImageObject\",\"inLanguage\":\"it-IT\",\"@id\":\"https:\/\/www.renzoelucio.it\/?page_id=2640#primaryimage\",\"url\":\"https:\/\/www.renzoelucio.it\/public\/wordpress\/renzoelucio\/wp-content\/uploads\/2020\/03\/PROGETTO-ASCOLTO.png\",\"contentUrl\":\"https:\/\/www.renzoelucio.it\/public\/wordpress\/renzoelucio\/wp-content\/uploads\/2020\/03\/PROGETTO-ASCOLTO.png\",\"width\":884,\"height\":71,\"caption\":\"GRUPPO RICHIEDENTI ASILO LGBT LECCO\"},{\"@type\":\"BreadcrumbList\",\"@id\":\"https:\/\/www.renzoelucio.it\/?page_id=2640#breadcrumb\",\"itemListElement\":[{\"@type\":\"ListItem\",\"position\":1,\"name\":\"Home\",\"item\":\"https:\/\/www.renzoelucio.it\/\"},{\"@type\":\"ListItem\",\"position\":2,\"name\":\"GRUPPO ASCOLTO\"}]},{\"@type\":\"WebSite\",\"@id\":\"https:\/\/www.renzoelucio.it\/#website\",\"url\":\"https:\/\/www.renzoelucio.it\/\",\"name\":\"LGBT+diritti RENZO E LUCIO\",\"description\":\"\",\"potentialAction\":[{\"@type\":\"SearchAction\",\"target\":{\"@type\":\"EntryPoint\",\"urlTemplate\":\"https:\/\/www.renzoelucio.it\/?s={search_term_string}\"},\"query-input\":{\"@type\":\"PropertyValueSpecification\",\"valueRequired\":true,\"valueName\":\"search_term_string\"}}],\"inLanguage\":\"it-IT\"}]}<\/script>\r\n<!-- \/ Yoast SEO plugin. -->","yoast_head_json":{"title":"GRUPPO ASCOLTO - LGBT+diritti RENZO E LUCIO","robots":{"index":"index","follow":"follow","max-snippet":"max-snippet:-1","max-image-preview":"max-image-preview:large","max-video-preview":"max-video-preview:-1"},"canonical":"https:\/\/www.renzoelucio.it\/?page_id=2640","og_locale":"it_IT","og_type":"article","og_title":"GRUPPO ASCOLTO - LGBT+diritti RENZO E LUCIO","og_description":"Il progetto ascolto \u00e8 uno spazio dove l\u2019associazione Renzo e Lucio \u00e8 disponibile per coloro che hanno bisogno di uno spazio di confronto ed ascolto. Per un primo contatto scrivi a info@renzoelucio.it o chiama il numero 350.1020848 LO SPORTELLO DI ASCOLTO SKATEBOARD in collaborazione con Arci Lecco Sondrio A volte pu\u00f2 capitare di avere la...","og_url":"https:\/\/www.renzoelucio.it\/?page_id=2640","og_site_name":"LGBT+diritti RENZO E LUCIO","article_modified_time":"2025-12-04T21:29:33+00:00","og_image":[{"width":884,"height":71,"url":"https:\/\/www.renzoelucio.it\/public\/wordpress\/renzoelucio\/wp-content\/uploads\/2020\/03\/PROGETTO-ASCOLTO.png","type":"image\/png"}],"twitter_card":"summary_large_image","twitter_misc":{"Tempo di lettura stimato":"2 minuti"},"schema":{"@context":"https:\/\/schema.org","@graph":[{"@type":"WebPage","@id":"https:\/\/www.renzoelucio.it\/?page_id=2640","url":"https:\/\/www.renzoelucio.it\/?page_id=2640","name":"GRUPPO ASCOLTO - LGBT+diritti RENZO E LUCIO","isPartOf":{"@id":"https:\/\/www.renzoelucio.it\/#website"},"primaryImageOfPage":{"@id":"https:\/\/www.renzoelucio.it\/?page_id=2640#primaryimage"},"image":{"@id":"https:\/\/www.renzoelucio.it\/?page_id=2640#primaryimage"},"thumbnailUrl":"https:\/\/www.renzoelucio.it\/public\/wordpress\/renzoelucio\/wp-content\/uploads\/2020\/03\/PROGETTO-ASCOLTO.png","datePublished":"2020-03-28T16:18:06+00:00","dateModified":"2025-12-04T21:29:33+00:00","breadcrumb":{"@id":"https:\/\/www.renzoelucio.it\/?page_id=2640#breadcrumb"},"inLanguage":"it-IT","potentialAction":[{"@type":"ReadAction","target":["https:\/\/www.renzoelucio.it\/?page_id=2640"]}]},{"@type":"ImageObject","inLanguage":"it-IT","@id":"https:\/\/www.renzoelucio.it\/?page_id=2640#primaryimage","url":"https:\/\/www.renzoelucio.it\/public\/wordpress\/renzoelucio\/wp-content\/uploads\/2020\/03\/PROGETTO-ASCOLTO.png","contentUrl":"https:\/\/www.renzoelucio.it\/public\/wordpress\/renzoelucio\/wp-content\/uploads\/2020\/03\/PROGETTO-ASCOLTO.png","width":884,"height":71,"caption":"GRUPPO RICHIEDENTI ASILO LGBT LECCO"},{"@type":"BreadcrumbList","@id":"https:\/\/www.renzoelucio.it\/?page_id=2640#breadcrumb","itemListElement":[{"@type":"ListItem","position":1,"name":"Home","item":"https:\/\/www.renzoelucio.it\/"},{"@type":"ListItem","position":2,"name":"GRUPPO ASCOLTO"}]},{"@type":"WebSite","@id":"https:\/\/www.renzoelucio.it\/#website","url":"https:\/\/www.renzoelucio.it\/","name":"LGBT+diritti RENZO E LUCIO","description":"","potentialAction":[{"@type":"SearchAction","target":{"@type":"EntryPoint","urlTemplate":"https:\/\/www.renzoelucio.it\/?s={search_term_string}"},"query-input":{"@type":"PropertyValueSpecification","valueRequired":true,"valueName":"search_term_string"}}],"inLanguage":"it-IT"}]}},"_links":{"self":[{"href":"https:\/\/www.renzoelucio.it\/index.php?rest_route=\/wp\/v2\/pages\/2640","targetHints":{"allow":["GET"]}}],"collection":[{"href":"https:\/\/www.renzoelucio.it\/index.php?rest_route=\/wp\/v2\/pages"}],"about":[{"href":"https:\/\/www.renzoelucio.it\/index.php?rest_route=\/wp\/v2\/types\/page"}],"author":[{"embeddable":true,"href":"https:\/\/www.renzoelucio.it\/index.php?rest_route=\/wp\/v2\/users\/4"}],"replies":[{"embeddable":true,"href":"https:\/\/www.renzoelucio.it\/index.php?rest_route=%2Fwp%2Fv2%2Fcomments&post=2640"}],"version-history":[{"count":5,"href":"https:\/\/www.renzoelucio.it\/index.php?rest_route=\/wp\/v2\/pages\/2640\/revisions"}],"predecessor-version":[{"id":3990,"href":"https:\/\/www.renzoelucio.it\/index.php?rest_route=\/wp\/v2\/pages\/2640\/revisions\/3990"}],"wp:attachment":[{"href":"https:\/\/www.renzoelucio.it\/index.php?rest_route=%2Fwp%2Fv2%2Fmedia&parent=2640"}],"curies":[{"name":"wp","href":"https:\/\/api.w.org\/{rel}","templated":true}]}}