{"id":785,"date":"2014-12-14T23:26:03","date_gmt":"2014-12-14T22:26:03","guid":{"rendered":"http:\/\/www.renzoelucio.it\/?page_id=785"},"modified":"2025-12-31T11:06:43","modified_gmt":"2025-12-31T10:06:43","slug":"convenzioni","status":"publish","type":"page","link":"https:\/\/www.renzoelucio.it\/?page_id=785","title":{"rendered":"TESSERAMENTO"},"content":{"rendered":"<p>L\u2019associazione <a href=\"http:\/\/WWW.RENZOELUCIO.IT\"><strong>Renzo e Lucio<\/strong><\/a> vive del lavoro e del sostegno di volontar\u0259 e di simpatizzant\u0259. Un lavoro costante, non sempre facile che richiede diverse modalit\u00e0 di sostegno. Chiediamo perci\u00f2, a chi sostiene il nostro impegno, di tesserarsi versando la quota associativa annuale.<\/p>\n<p>Un modo semplice ma efficace per continuare il nostro impegno.<\/p>\n<p>&nbsp;<\/p>\n<p style=\"text-align: center;\">Per il 2026 abbiamo scelto come motto<span style=\"color: #0000ff;\"> \u201cTORNIAMO UMAN3\u201d<\/span>.<br \/>\nAbbiamo voluto riprendere il motto del Lecco Pride 2025 perch\u00e9 lo riteniamo importante e di estrema attualit\u00e0. Sempre pi\u00f9 vediamo intorno a noi un mondo che ha abbandonato ideali di pace e condivisione, distruggendo il diritto internazionale, tornando a far prevalere la logica del pi\u00f9 forte e arrogante nei rapporti fra gli Stati. La pace non pare pi\u00f9 il bene primario da salvaguardare a tutti i costi, su cui costruire la convivenza fra i popoli. La guerra genera solo morte e distruzione e non porta nessun beneficio alle persone. Le uccide, le umilia e le disumanizza. Mai avremmo immaginato di vedere intorno a noi ancora atti di genocidio, che non solo fatica a essere riconosciuto come tale, ma viene spesso negato o minimizzato quando a compiere questi atti sono Paesi che fanno parte di quelle che pensavamo democrazie. I diritti umani vengono spesso cancellati o addirittura contrastati in nome di vecchie e nuove<br \/>\nideologie: populiste, nazionaliste, razziste e omofobe, e questo accade in vari Paesi del mondo e<br \/>\ndell\u2019Europa. Anche qui in Italia: verso le persone migranti e verso la nostra stessa comunit\u00e0.<\/p>\n<p>Per questo motivo, ispirandoci alla frase di un attivista del nostro territorio, Vittorio Arrigoni, che<br \/>\ndiceva \u201cRestiamo Umani\u201d, il nostro invito \u00e8 quello di tornare uman\u025c, in un mondo che, non troppo<br \/>\nlentamente, sta perdendo e dimenticando la propria umanit\u00e0.<\/p>\n<p><img loading=\"lazy\" decoding=\"async\" class=\"aligncenter size-large wp-image-3999\" src=\"https:\/\/www.renzoelucio.it\/public\/wordpress\/renzoelucio\/wp-content\/uploads\/2025\/12\/GRAFICA-TESSERA-FRONTE-1024x585.jpg\" alt=\"COME DIVENTARI SOCI DI LGBT+ DIRITTI RENZO E LUCIO LECCO\" width=\"640\" height=\"366\" srcset=\"https:\/\/www.renzoelucio.it\/public\/wordpress\/renzoelucio\/wp-content\/uploads\/2025\/12\/GRAFICA-TESSERA-FRONTE-1024x585.jpg 1024w, https:\/\/www.renzoelucio.it\/public\/wordpress\/renzoelucio\/wp-content\/uploads\/2025\/12\/GRAFICA-TESSERA-FRONTE-300x171.jpg 300w, https:\/\/www.renzoelucio.it\/public\/wordpress\/renzoelucio\/wp-content\/uploads\/2025\/12\/GRAFICA-TESSERA-FRONTE-768x439.jpg 768w, https:\/\/www.renzoelucio.it\/public\/wordpress\/renzoelucio\/wp-content\/uploads\/2025\/12\/GRAFICA-TESSERA-FRONTE.jpg 1050w\" sizes=\"auto, (max-width: 640px) 100vw, 640px\" \/><\/p>\n<p style=\"text-align: center;\">Se vuoi continuare a sostenerci ed aiutarci versa la quota associativa ( a partire da 20 euro) su questo numero di conto corrente, oppure personalmente negli eventi che organizzeremo.<\/p>\n<p style=\"text-align: center;\"><strong>IT21 G062 3022 9000 0001 5276 260<\/strong><\/p>\n<p style=\"text-align: center;\"><span style=\"color: #0000ff;\">CREDIT ACRICOLE Lecco, via Parini 21<\/span><\/p>\n<p style=\"text-align: center;\"><strong>Intestato a Renzo e Lucio\u00a0<\/strong><\/p>\n<p style=\"text-align: center;\">nella descrizione metti il tuo nome e cognome<\/p>\n<p style=\"text-align: center;\">dopo aver fatto il bonifico, se non sei mai stato nostr* soci*,\u00a0 mandaci una mail a info@renzoelucio.it specificando il tuo nome e cognome e ti invieremo la tessera in formato PDF<\/p>\n<p><a href=\"https:\/\/www.renzoelucio.it\/public\/wordpress\/renzoelucio\/wp-content\/uploads\/2020\/03\/logo-LC-pride-trasparente.png\"><img loading=\"lazy\" decoding=\"async\" class=\"wp-image-2553 size-full aligncenter\" src=\"https:\/\/www.renzoelucio.it\/public\/wordpress\/renzoelucio\/wp-content\/uploads\/2020\/03\/logo-LC-pride-trasparente-e1618153653778.png\" alt=\"lecco pride logo\" width=\"300\" height=\"300\" \/><\/a><\/p>\n<p style=\"text-align: center;\">Se credi in quello che facciamo e vuoi sostenerci ed essere parte del nostro progetto \u00e8 il tempo di regalarti la nuova tessera Renzo e Lucio 2026.<\/p>\n<p style=\"text-align: center;\">Il costo della tessera \u00e8 di 20 euro o, per chi vuole, anche di pi\u00f9.<\/p>\n<p><img loading=\"lazy\" decoding=\"async\" class=\"aligncenter wp-image-1545 size-full\" src=\"http:\/\/www.renzoelucio.it\/public\/wordpress\/renzoelucio\/wp-content\/uploads\/2014\/09\/bott03.png\" alt=\"bott03\" width=\"625\" height=\"140\" srcset=\"https:\/\/www.renzoelucio.it\/public\/wordpress\/renzoelucio\/wp-content\/uploads\/2014\/09\/bott03.png 625w, https:\/\/www.renzoelucio.it\/public\/wordpress\/renzoelucio\/wp-content\/uploads\/2014\/09\/bott03-300x67.png 300w\" sizes=\"auto, (max-width: 625px) 100vw, 625px\" \/><\/p>\n<p style=\"text-align: center;\">Per informazioni scrivi a: info@renzoelucio.it<\/p>\n<p>&nbsp;<\/p>\n<p style=\"text-align: center;\">\n","protected":false},"excerpt":{"rendered":"<p>L\u2019associazione Renzo e Lucio vive del lavoro e del sostegno di volontar\u0259 e di simpatizzant\u0259. Un lavoro costante, non sempre facile che richiede diverse modalit\u00e0 di sostegno. Chiediamo perci\u00f2, a chi sostiene il nostro impegno, di tesserarsi versando la quota associativa annuale. Un modo semplice ma efficace per continuare il nostro impegno. &nbsp; Per il&#8230;<\/p>\n","protected":false},"author":1,"featured_media":0,"parent":0,"menu_order":0,"comment_status":"closed","ping_status":"closed","template":"","meta":{"footnotes":""},"class_list":["post-785","page","type-page","status-publish","hentry"],"yoast_head":"<!-- This site is optimized with the Yoast SEO plugin v24.5 - https:\/\/yoast.com\/wordpress\/plugins\/seo\/ -->\r\n<title>TESSERAMENTO - LGBT+diritti RENZO E LUCIO<\/title>\r\n<meta name=\"robots\" content=\"index, follow, max-snippet:-1, max-image-preview:large, max-video-preview:-1\" \/>\r\n<link rel=\"canonical\" href=\"https:\/\/www.renzoelucio.it\/?page_id=785\" \/>\r\n<meta property=\"og:locale\" content=\"it_IT\" \/>\r\n<meta property=\"og:type\" content=\"article\" \/>\r\n<meta property=\"og:title\" content=\"TESSERAMENTO - LGBT+diritti RENZO E LUCIO\" \/>\r\n<meta property=\"og:description\" content=\"L\u2019associazione Renzo e Lucio vive del lavoro e del sostegno di volontar\u0259 e di simpatizzant\u0259. Un lavoro costante, non sempre facile che richiede diverse modalit\u00e0 di sostegno. Chiediamo perci\u00f2, a chi sostiene il nostro impegno, di tesserarsi versando la quota associativa annuale. Un modo semplice ma efficace per continuare il nostro impegno. &nbsp; Per il...\" \/>\r\n<meta property=\"og:url\" content=\"https:\/\/www.renzoelucio.it\/?page_id=785\" \/>\r\n<meta property=\"og:site_name\" content=\"LGBT+diritti RENZO E LUCIO\" \/>\r\n<meta property=\"article:modified_time\" content=\"2025-12-31T10:06:43+00:00\" \/>\r\n<meta property=\"og:image\" content=\"https:\/\/www.renzoelucio.it\/public\/wordpress\/renzoelucio\/wp-content\/uploads\/2025\/12\/GRAFICA-TESSERA-FRONTE.jpg\" \/>\r\n\t<meta property=\"og:image:width\" content=\"1050\" \/>\r\n\t<meta property=\"og:image:height\" content=\"600\" \/>\r\n\t<meta property=\"og:image:type\" content=\"image\/jpeg\" \/>\r\n<meta name=\"twitter:card\" content=\"summary_large_image\" \/>\r\n<meta name=\"twitter:label1\" content=\"Tempo di lettura stimato\" \/>\n\t<meta name=\"twitter:data1\" content=\"3 minuti\" \/>\r\n<script type=\"application\/ld+json\" class=\"yoast-schema-graph\">{\"@context\":\"https:\/\/schema.org\",\"@graph\":[{\"@type\":\"WebPage\",\"@id\":\"https:\/\/www.renzoelucio.it\/?page_id=785\",\"url\":\"https:\/\/www.renzoelucio.it\/?page_id=785\",\"name\":\"TESSERAMENTO - LGBT+diritti RENZO E LUCIO\",\"isPartOf\":{\"@id\":\"https:\/\/www.renzoelucio.it\/#website\"},\"primaryImageOfPage\":{\"@id\":\"https:\/\/www.renzoelucio.it\/?page_id=785#primaryimage\"},\"image\":{\"@id\":\"https:\/\/www.renzoelucio.it\/?page_id=785#primaryimage\"},\"thumbnailUrl\":\"https:\/\/www.renzoelucio.it\/public\/wordpress\/renzoelucio\/wp-content\/uploads\/2025\/12\/GRAFICA-TESSERA-FRONTE-1024x585.jpg\",\"datePublished\":\"2014-12-14T22:26:03+00:00\",\"dateModified\":\"2025-12-31T10:06:43+00:00\",\"breadcrumb\":{\"@id\":\"https:\/\/www.renzoelucio.it\/?page_id=785#breadcrumb\"},\"inLanguage\":\"it-IT\",\"potentialAction\":[{\"@type\":\"ReadAction\",\"target\":[\"https:\/\/www.renzoelucio.it\/?page_id=785\"]}]},{\"@type\":\"ImageObject\",\"inLanguage\":\"it-IT\",\"@id\":\"https:\/\/www.renzoelucio.it\/?page_id=785#primaryimage\",\"url\":\"https:\/\/www.renzoelucio.it\/public\/wordpress\/renzoelucio\/wp-content\/uploads\/2025\/12\/GRAFICA-TESSERA-FRONTE.jpg\",\"contentUrl\":\"https:\/\/www.renzoelucio.it\/public\/wordpress\/renzoelucio\/wp-content\/uploads\/2025\/12\/GRAFICA-TESSERA-FRONTE.jpg\",\"width\":1050,\"height\":600,\"caption\":\"COME DIVENTARI SOCI DI LGBT+ DIRITTI RENZO E LUCIO LECCO\"},{\"@type\":\"BreadcrumbList\",\"@id\":\"https:\/\/www.renzoelucio.it\/?page_id=785#breadcrumb\",\"itemListElement\":[{\"@type\":\"ListItem\",\"position\":1,\"name\":\"Home\",\"item\":\"https:\/\/www.renzoelucio.it\/\"},{\"@type\":\"ListItem\",\"position\":2,\"name\":\"TESSERAMENTO\"}]},{\"@type\":\"WebSite\",\"@id\":\"https:\/\/www.renzoelucio.it\/#website\",\"url\":\"https:\/\/www.renzoelucio.it\/\",\"name\":\"LGBT+diritti RENZO E LUCIO\",\"description\":\"\",\"potentialAction\":[{\"@type\":\"SearchAction\",\"target\":{\"@type\":\"EntryPoint\",\"urlTemplate\":\"https:\/\/www.renzoelucio.it\/?s={search_term_string}\"},\"query-input\":{\"@type\":\"PropertyValueSpecification\",\"valueRequired\":true,\"valueName\":\"search_term_string\"}}],\"inLanguage\":\"it-IT\"}]}<\/script>\r\n<!-- \/ Yoast SEO plugin. -->","yoast_head_json":{"title":"TESSERAMENTO - LGBT+diritti RENZO E LUCIO","robots":{"index":"index","follow":"follow","max-snippet":"max-snippet:-1","max-image-preview":"max-image-preview:large","max-video-preview":"max-video-preview:-1"},"canonical":"https:\/\/www.renzoelucio.it\/?page_id=785","og_locale":"it_IT","og_type":"article","og_title":"TESSERAMENTO - LGBT+diritti RENZO E LUCIO","og_description":"L\u2019associazione Renzo e Lucio vive del lavoro e del sostegno di volontar\u0259 e di simpatizzant\u0259. Un lavoro costante, non sempre facile che richiede diverse modalit\u00e0 di sostegno. Chiediamo perci\u00f2, a chi sostiene il nostro impegno, di tesserarsi versando la quota associativa annuale. Un modo semplice ma efficace per continuare il nostro impegno. &nbsp; Per il...","og_url":"https:\/\/www.renzoelucio.it\/?page_id=785","og_site_name":"LGBT+diritti RENZO E LUCIO","article_modified_time":"2025-12-31T10:06:43+00:00","og_image":[{"width":1050,"height":600,"url":"https:\/\/www.renzoelucio.it\/public\/wordpress\/renzoelucio\/wp-content\/uploads\/2025\/12\/GRAFICA-TESSERA-FRONTE.jpg","type":"image\/jpeg"}],"twitter_card":"summary_large_image","twitter_misc":{"Tempo di lettura stimato":"3 minuti"},"schema":{"@context":"https:\/\/schema.org","@graph":[{"@type":"WebPage","@id":"https:\/\/www.renzoelucio.it\/?page_id=785","url":"https:\/\/www.renzoelucio.it\/?page_id=785","name":"TESSERAMENTO - LGBT+diritti RENZO E LUCIO","isPartOf":{"@id":"https:\/\/www.renzoelucio.it\/#website"},"primaryImageOfPage":{"@id":"https:\/\/www.renzoelucio.it\/?page_id=785#primaryimage"},"image":{"@id":"https:\/\/www.renzoelucio.it\/?page_id=785#primaryimage"},"thumbnailUrl":"https:\/\/www.renzoelucio.it\/public\/wordpress\/renzoelucio\/wp-content\/uploads\/2025\/12\/GRAFICA-TESSERA-FRONTE-1024x585.jpg","datePublished":"2014-12-14T22:26:03+00:00","dateModified":"2025-12-31T10:06:43+00:00","breadcrumb":{"@id":"https:\/\/www.renzoelucio.it\/?page_id=785#breadcrumb"},"inLanguage":"it-IT","potentialAction":[{"@type":"ReadAction","target":["https:\/\/www.renzoelucio.it\/?page_id=785"]}]},{"@type":"ImageObject","inLanguage":"it-IT","@id":"https:\/\/www.renzoelucio.it\/?page_id=785#primaryimage","url":"https:\/\/www.renzoelucio.it\/public\/wordpress\/renzoelucio\/wp-content\/uploads\/2025\/12\/GRAFICA-TESSERA-FRONTE.jpg","contentUrl":"https:\/\/www.renzoelucio.it\/public\/wordpress\/renzoelucio\/wp-content\/uploads\/2025\/12\/GRAFICA-TESSERA-FRONTE.jpg","width":1050,"height":600,"caption":"COME DIVENTARI SOCI DI LGBT+ DIRITTI RENZO E LUCIO LECCO"},{"@type":"BreadcrumbList","@id":"https:\/\/www.renzoelucio.it\/?page_id=785#breadcrumb","itemListElement":[{"@type":"ListItem","position":1,"name":"Home","item":"https:\/\/www.renzoelucio.it\/"},{"@type":"ListItem","position":2,"name":"TESSERAMENTO"}]},{"@type":"WebSite","@id":"https:\/\/www.renzoelucio.it\/#website","url":"https:\/\/www.renzoelucio.it\/","name":"LGBT+diritti RENZO E LUCIO","description":"","potentialAction":[{"@type":"SearchAction","target":{"@type":"EntryPoint","urlTemplate":"https:\/\/www.renzoelucio.it\/?s={search_term_string}"},"query-input":{"@type":"PropertyValueSpecification","valueRequired":true,"valueName":"search_term_string"}}],"inLanguage":"it-IT"}]}},"_links":{"self":[{"href":"https:\/\/www.renzoelucio.it\/index.php?rest_route=\/wp\/v2\/pages\/785","targetHints":{"allow":["GET"]}}],"collection":[{"href":"https:\/\/www.renzoelucio.it\/index.php?rest_route=\/wp\/v2\/pages"}],"about":[{"href":"https:\/\/www.renzoelucio.it\/index.php?rest_route=\/wp\/v2\/types\/page"}],"author":[{"embeddable":true,"href":"https:\/\/www.renzoelucio.it\/index.php?rest_route=\/wp\/v2\/users\/1"}],"replies":[{"embeddable":true,"href":"https:\/\/www.renzoelucio.it\/index.php?rest_route=%2Fwp%2Fv2%2Fcomments&post=785"}],"version-history":[{"count":58,"href":"https:\/\/www.renzoelucio.it\/index.php?rest_route=\/wp\/v2\/pages\/785\/revisions"}],"predecessor-version":[{"id":4001,"href":"https:\/\/www.renzoelucio.it\/index.php?rest_route=\/wp\/v2\/pages\/785\/revisions\/4001"}],"wp:attachment":[{"href":"https:\/\/www.renzoelucio.it\/index.php?rest_route=%2Fwp%2Fv2%2Fmedia&parent=785"}],"curies":[{"name":"wp","href":"https:\/\/api.w.org\/{rel}","templated":true}]}}